{"id":272,"date":"2018-08-01T03:10:17","date_gmt":"2018-08-01T03:10:17","guid":{"rendered":"http:\/\/demo.casethemes.net\/unfinityplus-consulting\/?page_id=272"},"modified":"2026-03-23T18:21:05","modified_gmt":"2026-03-23T17:21:05","slug":"home","status":"publish","type":"page","link":"https:\/\/paebanic.com\/site\/","title":{"rendered":"Inicio"},"content":{"rendered":"<div class=\"wpb-content-wrapper\"><p>[vc_row full_width=&#8221;stretch_row_content_no_spaces&#8221; el_id=&#8221;section-inicio&#8221;][vc_column][rev_slider_vc alias=&#8221;home&#8221; arrow_style=&#8221;style2&#8243;][\/vc_column][\/vc_row][vc_row el_id=&#8221;servicios&#8221; css=&#8221;.vc_custom_1771797978105{background-position: center !important;background-repeat: no-repeat !important;background-size: cover !important;}&#8221;][vc_column css=&#8221;.vc_custom_1771715749639{padding-top: 52px !important;padding-bottom: 100px !important;}&#8221;][vc_row_inner][vc_column_inner][cms_heading text=&#8221;Nuestros Servicios&#8221; tag=&#8221;h1&#8243; align_lg=&#8221;align-center&#8221; align_md=&#8221;align-center-md&#8221; align_sm=&#8221;align-center-sm&#8221; align_xs=&#8221;align-center-xs&#8221; font_size=&#8221;30&#8243; font_size_md=&#8221;30&#8243; font_size_sm=&#8221;30&#8243; font_size_xs=&#8221;30&#8243; line_height=&#8221;10&#8243; line_height_md=&#8221;10&#8243; line_height_sm=&#8221;10&#8243; line_height_xs=&#8221;10&#8243; font_weight=&#8221;600&#8243; divider=&#8221;divider2&#8243; text_color=&#8221;#092a48&#8243; description=&#8221;Ponemos a su disposici\u00f3n nuestras instalaciones dise\u00f1adas para la excelencia: auditorios, dotados con medios Audiovisuales para conferencias impactantes y salones vers\u00e1tiles que se adaptan a talleres o juntas de alto nivel. Contamos con amplias instalaciones, opciones de montaje personalizadas y hospedaje&#8221; description_font_size=&#8221;18&#8243; description_line_height=&#8221;25&#8243; description_color=&#8221;#292C2CA3&#8243; margin_bottom=&#8221;5&#8243; animation=&#8221;bounceInLeft&#8221; margin_top=&#8221;5&#8243; margin_right=&#8221;5&#8243; margin_left=&#8221;5&#8243;][\/vc_column_inner][\/vc_row_inner][cms_service_carousel icon_item=&#8221;%5B%7B%22icon%22%3A%221160%22%7D%2C%7B%22icon%22%3A%22487%22%7D%2C%7B%22icon%22%3A%22488%22%7D%2C%7B%22icon%22%3A%221157%22%7D%2C%7B%22icon%22%3A%221153%22%7D%2C%7B%22icon%22%3A%22488%22%7D%5D&#8221; img_size=&#8221;444&#215;290&#8243; col_xs=&#8221;1&#8243; col_sm=&#8221;2&#8243; col_md=&#8221;3&#8243; col_lg=&#8221;3&#8243; margin=&#8221;0&#8243; loop=&#8221;true&#8221; autoplay=&#8221;true&#8221; center=&#8221;true&#8221; arrows=&#8221;true&#8221; bullets=&#8221;true&#8221; featured_img=&#8221;%5B%7B%22image%22%3A%22471%22%7D%2C%7B%22image%22%3A%22473%22%7D%2C%7B%22image%22%3A%22472%22%7D%5D&#8221;][\/vc_column][\/vc_row][vc_row full_width=&#8221;stretch_row&#8221; css=&#8221;.vc_custom_1771710775684{background-color: #f5f5f5 !important;}&#8221; el_id=&#8221;potafolio&#8221;][vc_column css=&#8221;.vc_custom_1533024239872{padding-top: 92px !important;padding-bottom: 96px !important;}&#8221;][vc_row_inner css=&#8221;.vc_custom_1533029482776{padding-top: 0px !important;padding-bottom: 25px !important;}&#8221;][vc_column_inner][cms_heading text=&#8221;Algunos de Nuestros Eventos&#8221; align_lg=&#8221;align-center&#8221; align_md=&#8221;align-center-md&#8221; align_sm=&#8221;align-center-sm&#8221; align_xs=&#8221;align-center-xs&#8221; font_size=&#8221;36&#8243; font_size_md=&#8221;36&#8243; font_size_sm=&#8221;36&#8243; font_size_xs=&#8221;36&#8243; font_weight=&#8221;&#8221; text_color=&#8221;#092a48&#8243; description=&#8221;Un vistazo a lo que fue nuestra \u00faltima jornada de formaci\u00f3n. Gracias a quienes conf\u00edan en nuestras instalaciones para llevar su potencial al siguiente nivel. Transformamos nuestras salas en espacios de aprendizaje din\u00e1mico. Momentos de enfoque y colaboraci\u00f3n que impulsan el crecimiento de cada equipo que nos visita.&#8221; margin_bottom=&#8221;14&#8243; animation=&#8221;bounceInRight&#8221;][\/vc_column_inner][\/vc_row_inner][cms_portfolio_grid cms_template=&#8221;cms_portfolio_grid&#8211;layout2.php&#8221; layout=&#8221;masonry&#8221; filter=&#8221;false&#8221; pagination_type=&#8221;false&#8221; col_xs=&#8221;1&#8243; col_sm=&#8221;2&#8243; col_md=&#8221;3&#8243; col_lg=&#8221;3&#8243; custom_column=&#8221;true&#8221; cms_list_column=&#8221;%5B%7B%22custom_col_xs%22%3A%221%22%2C%22custom_col_sm%22%3A%222%22%2C%22custom_col_md%22%3A%223%22%2C%22custom_col_lg%22%3A%223%22%7D%2C%7B%22custom_col_xs%22%3A%221%22%2C%22custom_col_sm%22%3A%222%22%2C%22custom_col_md%22%3A%223%22%2C%22custom_col_lg%22%3A%223%22%7D%2C%7B%22custom_col_xs%22%3A%221%22%2C%22custom_col_sm%22%3A%222%22%2C%22custom_col_md%22%3A%223%22%2C%22custom_col_lg%22%3A%223%22%7D%2C%7B%22custom_col_xs%22%3A%221%22%2C%22custom_col_sm%22%3A%222%22%2C%22custom_col_md%22%3A%223%22%2C%22custom_col_lg%22%3A%223%22%7D%2C%7B%22custom_col_xs%22%3A%221%22%2C%22custom_col_sm%22%3A%222%22%2C%22custom_col_md%22%3A%223%22%2C%22custom_col_lg%22%3A%223%22%7D%2C%7B%22custom_col_xs%22%3A%221%22%2C%22custom_col_sm%22%3A%222%22%2C%22custom_col_md%22%3A%223%22%2C%22custom_col_lg%22%3A%223%22%7D%5D&#8221;][\/vc_column][\/vc_row][vc_row full_width=&#8221;stretch_row&#8221; parallax=&#8221;content-moving&#8221; parallax_image=&#8221;921&#8243; parallax_speed_bg=&#8221;1.8&#8243; cms_row_class=&#8221;row-overlay&#8221;][vc_column css=&#8221;.vc_custom_1533260821157{padding-top: 60px !important;padding-bottom: 100px !important;}&#8221;][cms_overlay color=&#8221;gradient&#8221; gradient_color1=&#8221;rgba(34,106,203,0.88)&#8221; gradient_color2=&#8221;rgba(27,155,209,0.88)&#8221; width=&#8221;50&#8243;][\/vc_column][\/vc_row][vc_row full_width=&#8221;stretch_row&#8221; parallax=&#8221;content-moving&#8221; parallax_image=&#8221;922&#8243; parallax_speed_bg=&#8221;1.8&#8243; cms_row_class=&#8221;row-overlay&#8221; el_id=&#8221;testimonios&#8221;][vc_column css=&#8221;.vc_custom_1533269293640{padding-top: 100px !important;padding-bottom: 102px !important;}&#8221;][cms_overlay color=&#8221;gradient&#8221; gradient_color1=&#8221;rgba(34,106,203,0.88)&#8221; gradient_color2=&#8221;rgba(27,155,209,0.88)&#8221; width=&#8221;50&#8243;][cms_testimonial_carousel cms_template=&#8221;cms_testimonial_carousel&#8211;layout2.php&#8221; testimonial_item=&#8221;%5B%7B%22content%22%3A%22Somos%20un%20centro%20de%20convenciones%20cuyo%20objetivo%20principal%20es%20aportar%20al%20desarrollo%20del%20capital%20humano%20%20de%20%20instituciones%20que%20lo%20requieran%2C%20ofert%C3%A1ndoles%20infraestructura%20y%20otros%20servicios%20complementarios.%5Cn%22%7D%2C%7B%22title%22%3A%22CENTRO%20DE%20CONVENCIONES%22%2C%22position%22%3A%22PAEBANIC%22%2C%22content%22%3A%22%20%20%20%20%20%20%20%20%20%20%20%20%20%20%20%20%20%20%20%20%C2%A1El%20espacio%20perfecto%20para%20tu%20pr%C3%B3ximo%20gran%20evento!%20%F0%9F%9A%80%5Cn%C2%BFBuscas%20un%20lugar%20profesional%2C%20seguro%20y%20con%20todo%20incluido%3F%20%5CnNuestros%20Auditorios%20y%20Salones%20est%C3%A1n%20dise%C3%B1ados%20para%20garantizar%20el%20%C3%A9xito%20de%20tus%20conferencias%2C%20talleres%20o%20reuniones%20corporativas.%5Cn%E2%9C%85%20Conectividad%20WiFi%20%20para%20todos%20tus%20asistentes.%5Cn%E2%9C%85%20Medios%20audiovisuales%20%20(proyectores%2C%20sonido%20profesional%20y%20pantallas).%5Cn%E2%9C%85%20Seguridad%20%3A%20Amplio%20parqueo%20seguro%20y%20vigilancia%20para%20tu%20tranquilidad.%5Cn%E2%9C%85%20Servicio%20de%20buffet%20y%20coffee%20breaks%20personalizados%20a%20tu%20medida.%5Cn%F0%9F%93%8D%20%C2%A1Reserva%20hoy%20y%20eleva%20el%20nivel%20de%20tus%20eventos!%5Cn%F0%9F%93%A9%20Cont%C3%A1ctanos%20para%20una%20cotizaci%C3%B3n%20personalizada.%22%2C%22image%22%3A%221134%22%7D%5D&#8221; col_xs=&#8221;1&#8243; col_sm=&#8221;1&#8243; col_md=&#8221;1&#8243; col_lg=&#8221;1&#8243; loop=&#8221;true&#8221; autoplay=&#8221;true&#8221; arrows=&#8221;true&#8221;][\/vc_column][\/vc_row][vc_row el_id=&#8221;nuestra-instalaciones&#8221;][vc_column css=&#8221;.vc_custom_1533029497307{padding-top: 92px !important;padding-bottom: 100px !important;}&#8221;][vc_row_inner][vc_column_inner width=&#8221;1\/4&#8243;][\/vc_column_inner][vc_column_inner width=&#8221;1\/2&#8243;][cms_heading text=&#8221;Nuestras instalaciones&#8221; align_lg=&#8221;align-center&#8221; align_md=&#8221;align-center-md&#8221; align_sm=&#8221;align-center-sm&#8221; align_xs=&#8221;align-center-xs&#8221; font_size=&#8221;36&#8243; font_size_md=&#8221;36&#8243; font_size_sm=&#8221;36&#8243; font_size_xs=&#8221;36&#8243; font_weight=&#8221;&#8221; text_color=&#8221;#092a48&#8243; description=&#8221;Nuestras instalaciones han sido dise\u00f1adas para ofrecer versatilidad y elegancia en cada rinc\u00f3n. Contamos con una infraestructura moderna que se adapta a las necesidades m\u00e1s exigentes.&#8221; margin_bottom=&#8221;14&#8243; animation=&#8221;bounceInRight&#8221;][\/vc_column_inner][vc_column_inner width=&#8221;1\/4&#8243;][\/vc_column_inner][\/vc_row_inner][cms_blog_grid cms_template=&#8221;cms_blog_grid&#8211;layout4.php&#8221; orderby=&#8221;ID&#8221; order=&#8221;ASC&#8221; layout=&#8221;masonry&#8221; filter=&#8221;false&#8221; pagination_type=&#8221;false&#8221; col_xs=&#8221;1&#8243; col_sm=&#8221;2&#8243; col_md=&#8221;3&#8243; col_lg=&#8221;3&#8243;][\/vc_column][\/vc_row][vc_row full_width=&#8221;stretch_row&#8221;][vc_column css=&#8221;.vc_custom_1533028622786{padding-top: 44px !important;padding-bottom: 44px !important;}&#8221;][cms_overlay color=&#8221;gradient&#8221; flip=&#8221;vertical&#8221; width=&#8221;50&#8243;][cms_client_carousel client_item=&#8221;%5B%7B%22image%22%3A%22930%22%2C%22link%22%3A%22url%3A%2523%7C%7C%7C%22%7D%2C%7B%22image%22%3A%22928%22%2C%22link%22%3A%22url%3A%2523%7C%7C%7C%22%7D%2C%7B%22image%22%3A%22932%22%2C%22link%22%3A%22url%3A%2523%7C%7C%7C%22%7D%2C%7B%22image%22%3A%22936%22%2C%22link%22%3A%22url%3A%2523%7C%7C%7C%22%7D%2C%7B%22image%22%3A%22940%22%2C%22link%22%3A%22url%3A%2523%7C%7C%7C%22%7D%2C%7B%22image%22%3A%22942%22%7D%2C%7B%22image%22%3A%22944%22%7D%2C%7B%22image%22%3A%22946%22%7D%5D&#8221; col_xs=&#8221;2&#8243; col_sm=&#8221;3&#8243; col_md=&#8221;4&#8243; col_lg=&#8221;5&#8243; loop=&#8221;true&#8221; autoplay=&#8221;true&#8221;][\/vc_column][\/vc_row][vc_row el_id=&#8221;contacto&#8221;][vc_column css=&#8221;.vc_custom_1533273300456{padding-top: 50px !important;padding-bottom: 120px !important;}&#8221;][vc_row_inner row_border_box=&#8221;row-border-box-lg&#8221;][vc_column_inner offset=&#8221;vc_col-lg-6 vc_col-md-6&#8243;][cms_heading text=&#8221;Contactanos&#8221; font_size=&#8221;36&#8243; font_size_md=&#8221;36&#8243; font_size_sm=&#8221;36&#8243; font_size_xs=&#8221;30&#8243; font_weight=&#8221;&#8221; text_color=&#8221;#092a48&#8243; description=&#8221;D\u00e9janos saber tus dudas o comentarios, nuestro equipo est\u00e1 siempre disponible para clarificar tus dudas y apoyarte en cada uno de tus eventos&#8221; margin_bottom=&#8221;24&#8243;][vc_raw_html css=&#8221;&#8221;]JTNDaWZyYW1lJTIwc3R5bGUlM0QlMjJib3JkZXIlM0ElMjAwJTNCJTIyJTIwc3JjJTNEJTIyaHR0cHMlM0ElMkYlMkZ3d3cuZ29vZ2xlLmNvbSUyRm1hcHMlMkZlbWJlZCUzRnBiJTNEJTIxMW0xNCUyMTFtOCUyMTFtMyUyMTFkMTU2MDMuNjg5MTQxMjg1NDkxJTIxMmQtODYuMjc1ODEwMSUyMTNkMTIuMTE3NDY5OCUyMTNtMiUyMTFpMTAyNCUyMTJpNzY4JTIxNGYxMy4xJTIxM20zJTIxMW0yJTIxMXMweDAlMjUzQTB4NDc4MjRlYTE3ZWFhMmNhMiUyMTJzUEFFQkFOSUMlMjE1ZTAlMjEzbTIlMjExc2VzJTIxMnNuaSUyMTR2MTQ4MDg3NDY2ODI0NiUyMiUyMHdpZHRoJTNEJTIyNjAwJTIyJTIwaGVpZ2h0JTNEJTIyNDAwJTIyJTIwZnJhbWVib3JkZXIlM0QlMjIwJTIyJTIwYWxsb3dmdWxsc2NyZWVuJTNEJTIyYWxsb3dmdWxsc2NyZWVuJTIyJTNFJTNDJTJGaWZyYW1lJTNF[\/vc_raw_html][vc_btn title=&#8221;<b>SOLICITA UNA COTIZACION<\/b>&#8221; style=&#8221;gradient-custom&#8221; gradient_custom_color_1=&#8221;#1E73BE&#8221; gradient_custom_color_2=&#8221;#1E73BE82&#8243; gradient_text_color=&#8221;#FFFFFF&#8221; shape=&#8221;square&#8221; align=&#8221;center&#8221; css=&#8221;&#8221; link=&#8221;url:https%3A%2F%2Fpaebanic.com%2Fsite%2Fcotizacion%2F|title:Cotizaci%C3%B3n&#8221; el_class=&#8221;gradient loadmore-style3&#8243;][\/vc_column_inner][vc_column_inner offset=&#8221;vc_col-lg-6 vc_col-md-6&#8243;][vc_separator css=&#8221;&#8221;][vc_wp_text]<\/p>\n<h4 class=\"founder-title\" aria-hidden=\"true\">&gt;Horarios de atenci\u00f3n<\/h4>\n<p class=\"founder-title\">7\/24\/365<\/p>\n<hr \/>\n<h4 class=\"founder-title\">Direcci\u00f3n<\/h4>\n<p>Reparto Monserrat, primera entrada 200 mts. al Norte.<br \/>\nManagua, Nicaragua<\/p>\n<hr \/>\n<h4 class=\"founder-title\">Tel\u00e9fonos &amp; M\u00f3viles<\/h4>\n<p>Tel\u00e9fonos:<br \/>\n(+505) 2278-1179<br \/>\n(+505) 2278-1198<br \/>\n(+505) 2270-5044<br \/>\nM\u00f3viles :<br \/>\n(+505) 8703-2533<br \/>\n(+505) 8722-7028[\/vc_wp_text][cms_contact_form id=&#8221;651&#8243; form_style=&#8221;form-style3&#8243;][\/vc_column_inner][\/vc_row_inner][\/vc_column][\/vc_row]<\/p>\n<\/div>","protected":false},"excerpt":{"rendered":"<p>[vc_row full_width=&#8221;stretch_row_content_no_spaces&#8221; el_id=&#8221;section-inicio&#8221;][vc_column][rev_slider_vc alias=&#8221;home&#8221; arrow_style=&#8221;style2&#8243;][\/vc_column][\/vc_row][vc_row el_id=&#8221;servicios&#8221; css=&#8221;.vc_custom_1771797978105{background-position: center !important;background-repeat: no-repeat !important;background-size: cover !important;}&#8221;][vc_column css=&#8221;.vc_custom_1771715749639{padding-top: 52px !important;padding-bottom: 100px !important;}&#8221;][vc_row_inner][vc_column_inner][cms_heading text=&#8221;Nuestros Servicios&#8221; tag=&#8221;h1&#8243; align_lg=&#8221;align-center&#8221; align_md=&#8221;align-center-md&#8221; align_sm=&#8221;align-center-sm&#8221; align_xs=&#8221;align-center-xs&#8221; font_size=&#8221;30&#8243; font_size_md=&#8221;30&#8243; font_size_sm=&#8221;30&#8243; font_size_xs=&#8221;30&#8243; line_height=&#8221;10&#8243; line_height_md=&#8221;10&#8243; line_height_sm=&#8221;10&#8243; line_height_xs=&#8221;10&#8243; font_weight=&#8221;600&#8243; divider=&#8221;divider2&#8243; text_color=&#8221;#092a48&#8243; description=&#8221;Ponemos a su disposici\u00f3n nuestras instalaciones dise\u00f1adas para la excelencia: auditorios, dotados con medios Audiovisuales para conferencias impactantes y [&hellip;]<\/p>\n","protected":false},"author":1,"featured_media":0,"parent":0,"menu_order":0,"comment_status":"closed","ping_status":"closed","template":"","meta":{"footnotes":""},"class_list":["post-272","page","type-page","status-publish","hentry"],"_links":{"self":[{"href":"https:\/\/paebanic.com\/site\/wp-json\/wp\/v2\/pages\/272","targetHints":{"allow":["GET"]}}],"collection":[{"href":"https:\/\/paebanic.com\/site\/wp-json\/wp\/v2\/pages"}],"about":[{"href":"https:\/\/paebanic.com\/site\/wp-json\/wp\/v2\/types\/page"}],"author":[{"embeddable":true,"href":"https:\/\/paebanic.com\/site\/wp-json\/wp\/v2\/users\/1"}],"replies":[{"embeddable":true,"href":"https:\/\/paebanic.com\/site\/wp-json\/wp\/v2\/comments?post=272"}],"version-history":[{"count":270,"href":"https:\/\/paebanic.com\/site\/wp-json\/wp\/v2\/pages\/272\/revisions"}],"predecessor-version":[{"id":1278,"href":"https:\/\/paebanic.com\/site\/wp-json\/wp\/v2\/pages\/272\/revisions\/1278"}],"wp:attachment":[{"href":"https:\/\/paebanic.com\/site\/wp-json\/wp\/v2\/media?parent=272"}],"curies":[{"name":"wp","href":"https:\/\/api.w.org\/{rel}","templated":true}]}}